{"id":1850,"date":"2021-03-24T15:25:49","date_gmt":"2021-03-24T19:25:49","guid":{"rendered":"https:\/\/breezyseguros.com\/?page_id=1850"},"modified":"2024-11-05T14:46:24","modified_gmt":"2024-11-05T19:46:24","slug":"enviar-reclamo","status":"publish","type":"page","link":"https:\/\/breezyseguros.com\/es\/enviar-reclamo\/","title":{"rendered":"Enviar Reclamo"},"content":{"rendered":"\n<p>Escuchamos que tuvo una experiencia negativa con Breezy Seguros, lo cual nos pone muy tristes.<\/p>\n\n\n\n<p class=\"has-text-align-center\"> \u00a1Pero tambi\u00e9n estamos ansiosos por aprender de nuestros errores! Cu\u00e9ntenos qu\u00e9 sucedi\u00f3 y c\u00f3mo podemos mejorar para brindarle un mejor servicio.<\/p>\n\n\n\n<!--[if lte IE 8]>\n<script charset=\"utf-8\" type=\"text\/javascript\" src=\"\/\/js.hsforms.net\/forms\/v2-legacy.js\"><\/script>\n<![endif]-->\n<script charset=\"utf-8\" type=\"text\/javascript\" src=\"\/\/js.hsforms.net\/forms\/v2.js\"><\/script>\n<script>\n  hbspt.forms.create({\n\tregion: \"na1\",\n\tportalId: \"6791894\",\n\tformId: \"79521e56-4be7-4315-859c-b1155d014a87\"\n});\n<\/script>\n","protected":false},"excerpt":{"rendered":"<p>Escuchamos que tuvo una experiencia negativa con Breezy Seguros, lo cual nos pone muy tristes. \u00a1Pero tambi\u00e9n estamos ansiosos por aprender de nuestros errores! Cu\u00e9ntenos qu\u00e9 sucedi\u00f3 y c\u00f3mo podemos mejorar para brindarle un mejor servicio.<\/p>\n","protected":false},"author":1,"featured_media":0,"parent":0,"menu_order":0,"comment_status":"closed","ping_status":"closed","template":"","meta":{"_acf_changed":false,"inline_featured_image":false,"_uag_custom_page_level_css":"","footnotes":""},"class_list":["post-1850","page","type-page","status-publish","hentry"],"acf":[],"uagb_featured_image_src":{"full":false,"thumbnail":false,"medium":false,"medium_large":false,"large":false,"1536x1536":false,"2048x2048":false,"alm-thumbnail":false,"gform-image-choice-sm":false,"gform-image-choice-md":false,"gform-image-choice-lg":false},"uagb_author_info":{"display_name":"cimar007","author_link":"https:\/\/breezyseguros.com\/es\/author\/cimar007\/"},"uagb_comment_info":0,"uagb_excerpt":"Escuchamos que tuvo una experiencia negativa con Breezy Seguros, lo cual nos pone muy tristes. \u00a1Pero tambi\u00e9n estamos ansiosos por aprender de nuestros errores! Cu\u00e9ntenos qu\u00e9 sucedi\u00f3 y c\u00f3mo podemos mejorar para brindarle un mejor servicio.","_links":{"self":[{"href":"https:\/\/breezyseguros.com\/es\/wp-json\/wp\/v2\/pages\/1850","targetHints":{"allow":["GET"]}}],"collection":[{"href":"https:\/\/breezyseguros.com\/es\/wp-json\/wp\/v2\/pages"}],"about":[{"href":"https:\/\/breezyseguros.com\/es\/wp-json\/wp\/v2\/types\/page"}],"author":[{"embeddable":true,"href":"https:\/\/breezyseguros.com\/es\/wp-json\/wp\/v2\/users\/1"}],"replies":[{"embeddable":true,"href":"https:\/\/breezyseguros.com\/es\/wp-json\/wp\/v2\/comments?post=1850"}],"version-history":[{"count":4,"href":"https:\/\/breezyseguros.com\/es\/wp-json\/wp\/v2\/pages\/1850\/revisions"}],"predecessor-version":[{"id":5758,"href":"https:\/\/breezyseguros.com\/es\/wp-json\/wp\/v2\/pages\/1850\/revisions\/5758"}],"wp:attachment":[{"href":"https:\/\/breezyseguros.com\/es\/wp-json\/wp\/v2\/media?parent=1850"}],"curies":[{"name":"wp","href":"https:\/\/api.w.org\/{rel}","templated":true}]}}