{"id":2994,"date":"2021-09-23T19:07:08","date_gmt":"2021-09-23T23:07:08","guid":{"rendered":"https:\/\/breezyseguros.com\/?page_id=2994"},"modified":"2024-11-05T14:22:37","modified_gmt":"2024-11-05T19:22:37","slug":"claims","status":"publish","type":"page","link":"https:\/\/breezyseguros.com\/es\/claims\/","title":{"rendered":"Reclamos | Claims"},"content":{"rendered":"\n<h3 class=\"wp-block-heading has-text-align-left\">A continuaci\u00f3n, te guiaremos a trav\u00e9s de tres pasos esenciales para sepas c\u00f3mo presentar correctamente un reclamo a tu compa\u00f1\u00eda de seguros.<\/h3>\n\n\n\n<h4 class=\"wp-block-heading\">1 \u2013 Garantiza que todos est\u00e9n bien:<\/h4>\n\n\n\n<p>Prioriza la seguridad de los involucrados. Si hay sospecha de lesiones, llama inmediatamente al 911.<\/p>\n\n\n\n<h4 class=\"wp-block-heading\">2 \u2013 Documenta todo el suceso<\/h4>\n\n\n\n<p>Registra todo lo relevante; toma fotos de los veh\u00edculos, la calle y cualquier da\u00f1o visible.<\/p>\n\n\n\n<h4 class=\"wp-block-heading\">3- Notifica a tu compa\u00f1\u00eda de seguros<\/h4>\n\n\n\n<p>Informa a tu aseguradora sobre el incidente,\u00a0 \u00a1Siempre con la verdad! \u00bfNecesitas ayuda? \u00a1Estamos aqu\u00ed para ti! Cont\u00e1ctanos al 508-603-6777 o por chat. Ser\u00e1 un placer ayudarte.\u00a0<br><\/p>\n\n\n\n<p><\/p>\n\n\n\n<h3 class=\"wp-block-heading\">Si a\u00fan necesitas ayuda \u00a1no dudes en contactarnos!<\/h3>\n\n\n\n<p>Si lo prefieres cont\u00e1ctanos por tel\u00e9fono al <a href=\"tel:15086036777\">508-603-6777<\/a> o chatea con nosotros a trav\u00e9s de <a href=\"https:\/\/api.whatsapp.com\/send?phone=15086036777&amp;text=&amp;source=&amp;data=#\">whatsapp<\/a>.<\/p>\n\n\n\n<div class=\"text-center\" style=\"margin-top:100px\">\n                                                                <a href=\"https:\/\/api.whatsapp.com\/send?phone=15086036777&amp;text=&amp;source=&amp;data=#\" class=\"btn\" target=\"_blank\" rel=\"noopener\">\n                            <div class=\"btn_text\">\n                                Whatsapp Us                            <\/div>\n                        <\/a>\n                                    <\/div>\n","protected":false},"excerpt":{"rendered":"<p>A continuaci\u00f3n, te guiaremos a trav\u00e9s de tres pasos esenciales para sepas c\u00f3mo presentar correctamente un reclamo a tu compa\u00f1\u00eda de seguros. 1 \u2013 Garantiza que todos est\u00e9n bien: Prioriza la seguridad de los involucrados. Si hay sospecha de lesiones, llama inmediatamente al 911. 2 \u2013 Documenta todo el suceso Registra todo lo relevante; toma [&hellip;]<\/p>\n","protected":false},"author":1,"featured_media":0,"parent":0,"menu_order":0,"comment_status":"closed","ping_status":"closed","template":"","meta":{"_acf_changed":false,"inline_featured_image":false,"_uag_custom_page_level_css":"","footnotes":""},"class_list":["post-2994","page","type-page","status-publish","hentry"],"acf":[],"uagb_featured_image_src":{"full":false,"thumbnail":false,"medium":false,"medium_large":false,"large":false,"1536x1536":false,"2048x2048":false,"alm-thumbnail":false,"gform-image-choice-sm":false,"gform-image-choice-md":false,"gform-image-choice-lg":false},"uagb_author_info":{"display_name":"cimar007","author_link":"https:\/\/breezyseguros.com\/es\/author\/cimar007\/"},"uagb_comment_info":0,"uagb_excerpt":"A continuaci\u00f3n, te guiaremos a trav\u00e9s de tres pasos esenciales para sepas c\u00f3mo presentar correctamente un reclamo a tu compa\u00f1\u00eda de seguros. 1 \u2013 Garantiza que todos est\u00e9n bien: Prioriza la seguridad de los involucrados. Si hay sospecha de lesiones, llama inmediatamente al 911. 2 \u2013 Documenta todo el suceso Registra todo lo relevante; toma&hellip;","_links":{"self":[{"href":"https:\/\/breezyseguros.com\/es\/wp-json\/wp\/v2\/pages\/2994","targetHints":{"allow":["GET"]}}],"collection":[{"href":"https:\/\/breezyseguros.com\/es\/wp-json\/wp\/v2\/pages"}],"about":[{"href":"https:\/\/breezyseguros.com\/es\/wp-json\/wp\/v2\/types\/page"}],"author":[{"embeddable":true,"href":"https:\/\/breezyseguros.com\/es\/wp-json\/wp\/v2\/users\/1"}],"replies":[{"embeddable":true,"href":"https:\/\/breezyseguros.com\/es\/wp-json\/wp\/v2\/comments?post=2994"}],"version-history":[{"count":3,"href":"https:\/\/breezyseguros.com\/es\/wp-json\/wp\/v2\/pages\/2994\/revisions"}],"predecessor-version":[{"id":5728,"href":"https:\/\/breezyseguros.com\/es\/wp-json\/wp\/v2\/pages\/2994\/revisions\/5728"}],"wp:attachment":[{"href":"https:\/\/breezyseguros.com\/es\/wp-json\/wp\/v2\/media?parent=2994"}],"curies":[{"name":"wp","href":"https:\/\/api.w.org\/{rel}","templated":true}]}}