{"id":3650,"date":"2022-03-16T22:34:18","date_gmt":"2022-03-17T02:34:18","guid":{"rendered":"https:\/\/breezyseguros.com\/es\/?page_id=3650"},"modified":"2024-11-05T14:31:34","modified_gmt":"2024-11-05T19:31:34","slug":"certificates-now","status":"publish","type":"page","link":"https:\/\/breezyseguros.com\/es\/certificates-now\/","title":{"rendered":"Certificates Now"},"content":{"rendered":"\n<h2 class=\"wp-block-heading\">\u00bfC\u00f3mo solicitar su COI?<\/h2>\n\n\n\n<div style=\"padding:56.25% 0 0 0;position:relative;\"><iframe src=\"https:\/\/player.vimeo.com\/video\/705814584?h=9a51505c29&amp;badge=0&amp;autopause=0&amp;player_id=0&amp;app_id=58479\" frameborder=\"0\" allow=\"autoplay; fullscreen; picture-in-picture\" allowfullscreen style=\"position:absolute;top:0;left:0;width:100%;height:100%;\" title=\"Certificates Now - ES\"><\/iframe><\/div><script src=\"https:\/\/player.vimeo.com\/api\/player.js\"><\/script>\n\n\n\n<hr class=\"wp-block-separator has-css-opacity is-style-wide\"\/>\n\n\n\n<h3 class=\"wp-block-heading\">Paso a paso<\/h3>\n\n\n\n<p style=\"font-size:22px\">1- Acceda a su cuenta con su email de registro y contrase\u00f1a<\/p>\n\n\n\n<p><img loading=\"lazy\" decoding=\"async\" width=\"1024\" height=\"363\" class=\"wp-image-3729\" style=\"width: 600px\" src=\"https:\/\/breezyseguros.com\/es\/wp-content\/uploads\/sites\/8\/2022\/05\/1.png\" alt=\"\" srcset=\"https:\/\/breezyseguros.com\/es\/wp-content\/uploads\/sites\/8\/2022\/05\/1.png 1024w, https:\/\/breezyseguros.com\/es\/wp-content\/uploads\/sites\/8\/2022\/05\/1-300x106.png 300w, https:\/\/breezyseguros.com\/es\/wp-content\/uploads\/sites\/8\/2022\/05\/1-768x272.png 768w\" sizes=\"auto, (max-width: 1024px) 100vw, 1024px\" \/><\/p>\n\n\n\n<p style=\"font-size:22px\">2- Despu\u00e9s de iniciar la sesi\u00f3n, click en <strong>Delivery Certificates<\/strong> para crear el certificado<\/p>\n\n\n\n<p><img loading=\"lazy\" decoding=\"async\" width=\"1024\" height=\"363\" class=\"wp-image-3728\" style=\"width: 550px\" src=\"https:\/\/breezyseguros.com\/es\/wp-content\/uploads\/sites\/8\/2022\/05\/2.jpg\" alt=\"\" srcset=\"https:\/\/breezyseguros.com\/es\/wp-content\/uploads\/sites\/8\/2022\/05\/2.jpg 1024w, https:\/\/breezyseguros.com\/es\/wp-content\/uploads\/sites\/8\/2022\/05\/2-300x106.jpg 300w, https:\/\/breezyseguros.com\/es\/wp-content\/uploads\/sites\/8\/2022\/05\/2-768x272.jpg 768w\" sizes=\"auto, (max-width: 1024px) 100vw, 1024px\" \/><\/p>\n\n\n\n<p style=\"font-size:22px\">3- Selecciona tu cuenta<\/p>\n\n\n\n<p><img loading=\"lazy\" decoding=\"async\" width=\"1338\" height=\"400\" class=\"wp-image-3731\" style=\"width: 550px\" src=\"https:\/\/breezyseguros.com\/es\/wp-content\/uploads\/sites\/8\/2022\/05\/Captura-de-Tela-2022-05-04-a\u0300s-10.32.11.png\" alt=\"\" srcset=\"https:\/\/breezyseguros.com\/es\/wp-content\/uploads\/sites\/8\/2022\/05\/Captura-de-Tela-2022-05-04-a\u0300s-10.32.11.png 1338w, https:\/\/breezyseguros.com\/es\/wp-content\/uploads\/sites\/8\/2022\/05\/Captura-de-Tela-2022-05-04-a\u0300s-10.32.11-300x90.png 300w, https:\/\/breezyseguros.com\/es\/wp-content\/uploads\/sites\/8\/2022\/05\/Captura-de-Tela-2022-05-04-a\u0300s-10.32.11-1024x306.png 1024w, https:\/\/breezyseguros.com\/es\/wp-content\/uploads\/sites\/8\/2022\/05\/Captura-de-Tela-2022-05-04-a\u0300s-10.32.11-768x230.png 768w\" sizes=\"auto, (max-width: 1338px) 100vw, 1338px\" \/><\/p>\n\n\n\n<p style=\"font-size:22px\">4- Aparecer\u00e1 una lista de certificados ya solicitados<\/p>\n\n\n\n<p><img loading=\"lazy\" decoding=\"async\" width=\"1024\" height=\"247\" class=\"wp-image-3732\" style=\"width: 550px\" src=\"https:\/\/breezyseguros.com\/es\/wp-content\/uploads\/sites\/8\/2022\/05\/3.jpg\" alt=\"\" srcset=\"https:\/\/breezyseguros.com\/es\/wp-content\/uploads\/sites\/8\/2022\/05\/3.jpg 1024w, https:\/\/breezyseguros.com\/es\/wp-content\/uploads\/sites\/8\/2022\/05\/3-300x72.jpg 300w, https:\/\/breezyseguros.com\/es\/wp-content\/uploads\/sites\/8\/2022\/05\/3-768x185.jpg 768w\" sizes=\"auto, (max-width: 1024px) 100vw, 1024px\" \/><\/p>\n\n\n\n<p style=\"font-size:22px\">5- Para crear un certificado para un nuevo contratista, presione click en <strong>New Recipients<\/strong><\/p>\n\n\n\n<p><img loading=\"lazy\" decoding=\"async\" width=\"1790\" height=\"644\" class=\"wp-image-3730\" style=\"width: 550px\" src=\"https:\/\/breezyseguros.com\/es\/wp-content\/uploads\/sites\/8\/2022\/05\/Captura-de-Tela-2022-05-04-a\u0300s-10.33.33.jpg\" alt=\"\" srcset=\"https:\/\/breezyseguros.com\/es\/wp-content\/uploads\/sites\/8\/2022\/05\/Captura-de-Tela-2022-05-04-a\u0300s-10.33.33.jpg 1790w, https:\/\/breezyseguros.com\/es\/wp-content\/uploads\/sites\/8\/2022\/05\/Captura-de-Tela-2022-05-04-a\u0300s-10.33.33-300x108.jpg 300w, https:\/\/breezyseguros.com\/es\/wp-content\/uploads\/sites\/8\/2022\/05\/Captura-de-Tela-2022-05-04-a\u0300s-10.33.33-1024x368.jpg 1024w, https:\/\/breezyseguros.com\/es\/wp-content\/uploads\/sites\/8\/2022\/05\/Captura-de-Tela-2022-05-04-a\u0300s-10.33.33-768x276.jpg 768w, https:\/\/breezyseguros.com\/es\/wp-content\/uploads\/sites\/8\/2022\/05\/Captura-de-Tela-2022-05-04-a\u0300s-10.33.33-1536x553.jpg 1536w\" sizes=\"auto, (max-width: 1790px) 100vw, 1790px\" \/><\/p>\n\n\n\n<p style=\"font-size:22px\">6- Complete el formulario con su email y direcci\u00f3n y presione en <strong>save<\/strong><\/p>\n\n\n\n<p><img loading=\"lazy\" decoding=\"async\" width=\"1024\" height=\"505\" class=\"wp-image-3727\" style=\"width: 550px\" src=\"https:\/\/breezyseguros.com\/es\/wp-content\/uploads\/sites\/8\/2022\/05\/5.png\" alt=\"\" srcset=\"https:\/\/breezyseguros.com\/es\/wp-content\/uploads\/sites\/8\/2022\/05\/5.png 1024w, https:\/\/breezyseguros.com\/es\/wp-content\/uploads\/sites\/8\/2022\/05\/5-300x148.png 300w, https:\/\/breezyseguros.com\/es\/wp-content\/uploads\/sites\/8\/2022\/05\/5-768x379.png 768w\" sizes=\"auto, (max-width: 1024px) 100vw, 1024px\" \/><\/p>\n\n\n\n<p style=\"font-size:22px\">7- En esta etapa, puede agregar otro email para recibir el certificado, editarlo o simplemente continuar despu\u00e9s de ingresar a esta pantalla<\/p>\n\n\n\n<p><img loading=\"lazy\" decoding=\"async\" width=\"1024\" height=\"355\" class=\"wp-image-3726\" style=\"width: 550px\" src=\"https:\/\/breezyseguros.com\/es\/wp-content\/uploads\/sites\/8\/2022\/05\/6.jpg\" alt=\"\" srcset=\"https:\/\/breezyseguros.com\/es\/wp-content\/uploads\/sites\/8\/2022\/05\/6.jpg 1024w, https:\/\/breezyseguros.com\/es\/wp-content\/uploads\/sites\/8\/2022\/05\/6-300x104.jpg 300w, https:\/\/breezyseguros.com\/es\/wp-content\/uploads\/sites\/8\/2022\/05\/6-768x266.jpg 768w\" sizes=\"auto, (max-width: 1024px) 100vw, 1024px\" \/><\/p>\n\n\n\n<p style=\"font-size:22px\">8- Completando el paso, haga click en <strong>continuar<\/strong><\/p>\n\n\n\n<p style=\"font-size:22px\">9- Generar\u00e1 un certificado con campos editables<\/p>\n\n\n\n<p style=\"font-size:22px\">10- Verifique sus datos y click en <strong>continuar<\/strong><\/p>\n\n\n\n<p style=\"font-size:22px\">11- Mantenga el campo de email marcado y presione en <strong>continuar<\/strong><\/p>\n\n\n\n<p><img loading=\"lazy\" decoding=\"async\" width=\"1024\" height=\"477\" class=\"wp-image-3725\" style=\"width: 550px\" src=\"https:\/\/breezyseguros.com\/es\/wp-content\/uploads\/sites\/8\/2022\/05\/7.jpg\" alt=\"\" srcset=\"https:\/\/breezyseguros.com\/es\/wp-content\/uploads\/sites\/8\/2022\/05\/7.jpg 1024w, https:\/\/breezyseguros.com\/es\/wp-content\/uploads\/sites\/8\/2022\/05\/7-300x140.jpg 300w, https:\/\/breezyseguros.com\/es\/wp-content\/uploads\/sites\/8\/2022\/05\/7-768x358.jpg 768w\" sizes=\"auto, (max-width: 1024px) 100vw, 1024px\" \/><\/p>\n\n\n\n<p style=\"font-size:22px\">12- Click en <strong>delivery now<\/strong><\/p>\n\n\n\n<p><img loading=\"lazy\" decoding=\"async\" width=\"1024\" height=\"500\" class=\"wp-image-3724\" style=\"width: 600px\" src=\"https:\/\/breezyseguros.com\/es\/wp-content\/uploads\/sites\/8\/2022\/05\/8.jpg\" alt=\"\" srcset=\"https:\/\/breezyseguros.com\/es\/wp-content\/uploads\/sites\/8\/2022\/05\/8.jpg 1024w, https:\/\/breezyseguros.com\/es\/wp-content\/uploads\/sites\/8\/2022\/05\/8-300x146.jpg 300w, https:\/\/breezyseguros.com\/es\/wp-content\/uploads\/sites\/8\/2022\/05\/8-768x375.jpg 768w\" sizes=\"auto, (max-width: 1024px) 100vw, 1024px\" \/><\/p>\n\n\n\n<p style=\"font-size:22px\">13- Usted y el contratante recibir\u00e1n autom\u00e1ticamente una copia en su email<\/p>\n\n\n\n<h3 class=\"wp-block-heading\">Consejos \u00fatiles<\/h3>\n\n\n\n<ul class=\"wp-block-list\">\n<li>Si no desea recibirlo por correo electr\u00f3nico, siga los mismos pasos, pero env\u00edelo al correo electr\u00f3nico de la aseguradora despu\u00e9s de la entrega final.<\/li>\n\n\n\n<li>Si necesita retroceder un paso en el pedido, no use la flecha hacia atr\u00e1s del navegador, sino la l\u00ednea de tiempo en el encabezado del pedido.<\/li>\n<\/ul>\n","protected":false},"excerpt":{"rendered":"<p>\u00bfC\u00f3mo solicitar su COI? Paso a paso 1- Acceda a su cuenta con su email de registro y contrase\u00f1a 2- Despu\u00e9s de iniciar la sesi\u00f3n, click en Delivery Certificates para crear el certificado 3- Selecciona tu cuenta 4- Aparecer\u00e1 una lista de certificados ya solicitados 5- Para crear un certificado para un nuevo contratista, presione [&hellip;]<\/p>\n","protected":false},"author":1,"featured_media":0,"parent":0,"menu_order":0,"comment_status":"closed","ping_status":"closed","template":"template-page-coi.php","meta":{"_acf_changed":false,"inline_featured_image":false,"_uag_custom_page_level_css":"","footnotes":""},"class_list":["post-3650","page","type-page","status-publish","hentry"],"acf":[],"uagb_featured_image_src":{"full":false,"thumbnail":false,"medium":false,"medium_large":false,"large":false,"1536x1536":false,"2048x2048":false,"alm-thumbnail":false,"gform-image-choice-sm":false,"gform-image-choice-md":false,"gform-image-choice-lg":false},"uagb_author_info":{"display_name":"cimar007","author_link":"https:\/\/breezyseguros.com\/es\/author\/cimar007\/"},"uagb_comment_info":0,"uagb_excerpt":"\u00bfC\u00f3mo solicitar su COI? Paso a paso 1- Acceda a su cuenta con su email de registro y contrase\u00f1a 2- Despu\u00e9s de iniciar la sesi\u00f3n, click en Delivery Certificates para crear el certificado 3- Selecciona tu cuenta 4- Aparecer\u00e1 una lista de certificados ya solicitados 5- Para crear un certificado para un nuevo contratista, presione&hellip;","_links":{"self":[{"href":"https:\/\/breezyseguros.com\/es\/wp-json\/wp\/v2\/pages\/3650","targetHints":{"allow":["GET"]}}],"collection":[{"href":"https:\/\/breezyseguros.com\/es\/wp-json\/wp\/v2\/pages"}],"about":[{"href":"https:\/\/breezyseguros.com\/es\/wp-json\/wp\/v2\/types\/page"}],"author":[{"embeddable":true,"href":"https:\/\/breezyseguros.com\/es\/wp-json\/wp\/v2\/users\/1"}],"replies":[{"embeddable":true,"href":"https:\/\/breezyseguros.com\/es\/wp-json\/wp\/v2\/comments?post=3650"}],"version-history":[{"count":15,"href":"https:\/\/breezyseguros.com\/es\/wp-json\/wp\/v2\/pages\/3650\/revisions"}],"predecessor-version":[{"id":5733,"href":"https:\/\/breezyseguros.com\/es\/wp-json\/wp\/v2\/pages\/3650\/revisions\/5733"}],"wp:attachment":[{"href":"https:\/\/breezyseguros.com\/es\/wp-json\/wp\/v2\/media?parent=3650"}],"curies":[{"name":"wp","href":"https:\/\/api.w.org\/{rel}","templated":true}]}}