{"id":602,"date":"2018-05-07T14:39:13","date_gmt":"2018-05-07T18:39:13","guid":{"rendered":"https:\/\/breezyseguros.com\/pt-br\/?page_id=602"},"modified":"2021-09-25T13:11:18","modified_gmt":"2021-09-25T17:11:18","slug":"pedido-de-certificado-de-seguro","status":"publish","type":"page","link":"https:\/\/breezyseguros.com\/es\/pedido-de-certificado-de-seguro\/","title":{"rendered":"Formulario de solicitud de certificado de seguro"},"content":{"rendered":"\n<p>C\u00f3mo solicitar uno Certificado de Seguro (COI)<\/p>\n\n\n\n<p>Por razones de seguridad, cambiamos la forma en que se solicitan los Certificado de Seguro (COI).<\/p>\n\n\n\n<p>Siga una de las siguientes opciones para solicitar un COI:<\/p>\n\n\n\n<p>1) Env\u00ede un correo electr\u00f3nico a <a href=\"mailto:coi@breezyseguros.com\">coi@breezyseguros.com<\/a> utilizando el correo electr\u00f3nico que hemos registrado para su empresa. Indique el nombre de su empresa y la empresa, direcci\u00f3n y correo electr\u00f3nico donde desea que se env\u00ede el COI.<\/p>\n\n\n\n<p>Si tiene alguna pregunta, ll\u00e1menos al <a href=\"tel:15086036777\">508-603-6777<\/a>.<\/p>\n\n\n\n<div class=\"wp-block-uagb-icon-list uagb-icon-list__outer-wrap uagb-icon-list__layout-vertical uagb-block-2d649fa5\"><div class=\"uagb-icon-list__wrap\"><\/div><\/div>\n","protected":false},"excerpt":{"rendered":"<p>C\u00f3mo solicitar uno Certificado de Seguro (COI) Por razones de seguridad, cambiamos la forma en que se solicitan los Certificado de Seguro (COI). Siga una de las siguientes opciones para solicitar un COI: 1) Env\u00ede un correo electr\u00f3nico a coi@breezyseguros.com utilizando el correo electr\u00f3nico que hemos registrado para su empresa. Indique el nombre de su [&hellip;]<\/p>\n","protected":false},"author":1,"featured_media":0,"parent":0,"menu_order":0,"comment_status":"closed","ping_status":"closed","template":"","meta":{"_acf_changed":false,"inline_featured_image":false,"_uag_custom_page_level_css":"","footnotes":""},"class_list":["post-602","page","type-page","status-publish","hentry"],"acf":[],"uagb_featured_image_src":{"full":false,"thumbnail":false,"medium":false,"medium_large":false,"large":false,"1536x1536":false,"2048x2048":false,"alm-thumbnail":false,"gform-image-choice-sm":false,"gform-image-choice-md":false,"gform-image-choice-lg":false},"uagb_author_info":{"display_name":"cimar007","author_link":"https:\/\/breezyseguros.com\/es\/author\/cimar007\/"},"uagb_comment_info":0,"uagb_excerpt":"C\u00f3mo solicitar uno Certificado de Seguro (COI) Por razones de seguridad, cambiamos la forma en que se solicitan los Certificado de Seguro (COI). Siga una de las siguientes opciones para solicitar un COI: 1) Env\u00ede un correo electr\u00f3nico a coi@breezyseguros.com utilizando el correo electr\u00f3nico que hemos registrado para su empresa. Indique el nombre de su&hellip;","_links":{"self":[{"href":"https:\/\/breezyseguros.com\/es\/wp-json\/wp\/v2\/pages\/602","targetHints":{"allow":["GET"]}}],"collection":[{"href":"https:\/\/breezyseguros.com\/es\/wp-json\/wp\/v2\/pages"}],"about":[{"href":"https:\/\/breezyseguros.com\/es\/wp-json\/wp\/v2\/types\/page"}],"author":[{"embeddable":true,"href":"https:\/\/breezyseguros.com\/es\/wp-json\/wp\/v2\/users\/1"}],"replies":[{"embeddable":true,"href":"https:\/\/breezyseguros.com\/es\/wp-json\/wp\/v2\/comments?post=602"}],"version-history":[{"count":1,"href":"https:\/\/breezyseguros.com\/es\/wp-json\/wp\/v2\/pages\/602\/revisions"}],"predecessor-version":[{"id":3000,"href":"https:\/\/breezyseguros.com\/es\/wp-json\/wp\/v2\/pages\/602\/revisions\/3000"}],"wp:attachment":[{"href":"https:\/\/breezyseguros.com\/es\/wp-json\/wp\/v2\/media?parent=602"}],"curies":[{"name":"wp","href":"https:\/\/api.w.org\/{rel}","templated":true}]}}