{"id":1850,"date":"2021-03-24T15:25:49","date_gmt":"2021-03-24T19:25:49","guid":{"rendered":"https:\/\/breezyseguros.com\/?page_id=1850"},"modified":"2024-10-29T14:46:55","modified_gmt":"2024-10-29T18:46:55","slug":"submeter-reclamacao","status":"publish","type":"page","link":"https:\/\/breezyseguros.com\/pt-br\/submeter-reclamacao\/","title":{"rendered":"Enviar uma reclama\u00e7\u00e3o"},"content":{"rendered":"\n<p class=\"has-text-align-center\">Ouvimos dizer que voc\u00ea teve uma experi\u00eancia ruim com a Breezy Seguros, o que nos deixa muito tristes. Mas tamb\u00e9m estamos ansiosos para aprender com nossos erros! Conte-nos o que aconteceu e como podemos fazer as coisas funcionarem melhor para voc\u00ea:<\/p>\n\n\n\n<!--[if lte IE 8]>\n<script charset=\"utf-8\" type=\"text\/javascript\" src=\"\/\/js.hsforms.net\/forms\/v2-legacy.js\"><\/script>\n<![endif]-->\n<script charset=\"utf-8\" type=\"text\/javascript\" src=\"\/\/js.hsforms.net\/forms\/v2.js\"><\/script>\n<script>\n  hbspt.forms.create({\n\tregion: \"na1\",\n\tportalId: \"6791894\",\n\tformId: \"6d761ec7-5361-4f57-a900-081aca72d88e\"\n});\n<\/script>\n","protected":false},"excerpt":{"rendered":"<p>Ouvimos dizer que voc\u00ea teve uma experi\u00eancia ruim com a Breezy Seguros, o que nos deixa muito tristes. Mas tamb\u00e9m estamos ansiosos para aprender com nossos erros! Conte-nos o que aconteceu e como podemos fazer as coisas funcionarem melhor para voc\u00ea:<\/p>\n","protected":false},"author":1,"featured_media":0,"parent":0,"menu_order":0,"comment_status":"closed","ping_status":"closed","template":"","meta":{"_acf_changed":false,"inline_featured_image":false,"_uag_custom_page_level_css":"","footnotes":""},"class_list":["post-1850","page","type-page","status-publish","hentry"],"acf":[],"uagb_featured_image_src":{"full":false,"thumbnail":false,"medium":false,"medium_large":false,"large":false,"1536x1536":false,"2048x2048":false,"alm-thumbnail":false,"gform-image-choice-sm":false,"gform-image-choice-md":false,"gform-image-choice-lg":false},"uagb_author_info":{"display_name":"cimar007","author_link":"https:\/\/breezyseguros.com\/pt-br\/author\/cimar007\/"},"uagb_comment_info":0,"uagb_excerpt":"Ouvimos dizer que voc\u00ea teve uma experi\u00eancia ruim com a Breezy Seguros, o que nos deixa muito tristes. Mas tamb\u00e9m estamos ansiosos para aprender com nossos erros! Conte-nos o que aconteceu e como podemos fazer as coisas funcionarem melhor para voc\u00ea:","_links":{"self":[{"href":"https:\/\/breezyseguros.com\/pt-br\/wp-json\/wp\/v2\/pages\/1850","targetHints":{"allow":["GET"]}}],"collection":[{"href":"https:\/\/breezyseguros.com\/pt-br\/wp-json\/wp\/v2\/pages"}],"about":[{"href":"https:\/\/breezyseguros.com\/pt-br\/wp-json\/wp\/v2\/types\/page"}],"author":[{"embeddable":true,"href":"https:\/\/breezyseguros.com\/pt-br\/wp-json\/wp\/v2\/users\/1"}],"replies":[{"embeddable":true,"href":"https:\/\/breezyseguros.com\/pt-br\/wp-json\/wp\/v2\/comments?post=1850"}],"version-history":[{"count":14,"href":"https:\/\/breezyseguros.com\/pt-br\/wp-json\/wp\/v2\/pages\/1850\/revisions"}],"predecessor-version":[{"id":6260,"href":"https:\/\/breezyseguros.com\/pt-br\/wp-json\/wp\/v2\/pages\/1850\/revisions\/6260"}],"wp:attachment":[{"href":"https:\/\/breezyseguros.com\/pt-br\/wp-json\/wp\/v2\/media?parent=1850"}],"curies":[{"name":"wp","href":"https:\/\/api.w.org\/{rel}","templated":true}]}}