{"id":2994,"date":"2021-09-23T19:07:08","date_gmt":"2021-09-23T23:07:08","guid":{"rendered":"https:\/\/breezyseguros.com\/?page_id=2994"},"modified":"2024-10-29T14:30:50","modified_gmt":"2024-10-29T18:30:50","slug":"claims","status":"publish","type":"page","link":"https:\/\/breezyseguros.com\/pt-br\/claims\/","title":{"rendered":"Sinistros"},"content":{"rendered":"\n<h3 class=\"wp-block-heading has-text-align-left\">Est\u00e1 precisando acionar o seguro? Que chato!<br>Abaixo, vamos orientar voc\u00ea atrav\u00e9s de tr\u00eas passos essenciais&#8230;<\/h3>\n\n\n\n<p class=\"has-text-align-left\"><br><\/p>\n\n\n\n<h4 class=\"wp-block-heading\">1 &#8211; Est\u00e1 todo mundo bem?<\/h4>\n\n\n\n<p>Certifique-se de que voc\u00ea, seus passageiros e os ocupantes do(s) outro(s) carro(s) est\u00e3o bem.<br>Se houver suspeita de qualquer tipo de les\u00e3o, ligue imediatamente para o 911.<\/p>\n\n\n\n<h4 class=\"wp-block-heading\">2 &#8211; Registre tudo!<\/h4>\n\n\n\n<p>Ap\u00f3s confirmar que todos est\u00e3o bem e seguros, fa\u00e7a um registro do ocorrido.  <br>Documente e registre tudo o que considerar relevante; tire fotos dos carros, da rua e de cada arranh\u00e3o e amassado causado pelo acidente.<\/p>\n\n\n\n<h4 class=\"wp-block-heading\">3 &#8211; Hora de ligar para sua seguradora<\/h4>\n\n\n\n<p>N\u00e3o importa se voc\u00ea se envolveu em um acidente sozinho ou com terceiros, voc\u00ea sempre deve notificar sua seguradora sobre o incidente. E lembre-se, SEMPRE DIGA A VERDADE!<\/p>\n\n\n\n<p>&nbsp;<\/p>\n\n\n\n<p><\/p>\n\n\n\n<h3 class=\"wp-block-heading\">Se voc\u00ea ainda precisar de ajuda, n\u00e3o hesite em nos contatar!<\/h3>\n\n\n\n<p>Agora voc\u00ea pode registrar direto aqui no site, mas se preferir, pode chamar a gente pelo <a href=\"https:\/\/api.whatsapp.com\/send?phone=15086036777&amp;text=&amp;source=&amp;data=#\">whatsapp<\/a>.<\/p>\n\n\n\n<div class=\"text-center\" style=\"margin-top:100px\">\n                                                                <a href=\"https:\/\/api.whatsapp.com\/send?phone=15086036777&amp;text=&amp;source=&amp;data=#\" class=\"btn\" target=\"_blank\" rel=\"noopener\">\n                            <div class=\"btn_text\">\n                                REGISTRE O SEU SINISTRO                            <\/div>\n                        <\/a>\n                                    <\/div>\n","protected":false},"excerpt":{"rendered":"<p>Est\u00e1 precisando acionar o seguro? Que chato!Abaixo, vamos orientar voc\u00ea atrav\u00e9s de tr\u00eas passos essenciais&#8230; 1 &#8211; Est\u00e1 todo mundo bem? Certifique-se de que voc\u00ea, seus passageiros e os ocupantes do(s) outro(s) carro(s) est\u00e3o bem.Se houver suspeita de qualquer tipo de les\u00e3o, ligue imediatamente para o 911. 2 &#8211; Registre tudo! Ap\u00f3s confirmar que todos [&hellip;]<\/p>\n","protected":false},"author":1,"featured_media":0,"parent":0,"menu_order":0,"comment_status":"closed","ping_status":"closed","template":"","meta":{"_acf_changed":false,"inline_featured_image":false,"_uag_custom_page_level_css":"","footnotes":""},"class_list":["post-2994","page","type-page","status-publish","hentry"],"acf":[],"uagb_featured_image_src":{"full":false,"thumbnail":false,"medium":false,"medium_large":false,"large":false,"1536x1536":false,"2048x2048":false,"alm-thumbnail":false,"gform-image-choice-sm":false,"gform-image-choice-md":false,"gform-image-choice-lg":false},"uagb_author_info":{"display_name":"cimar007","author_link":"https:\/\/breezyseguros.com\/pt-br\/author\/cimar007\/"},"uagb_comment_info":0,"uagb_excerpt":"Est\u00e1 precisando acionar o seguro? Que chato!Abaixo, vamos orientar voc\u00ea atrav\u00e9s de tr\u00eas passos essenciais&#8230; 1 &#8211; Est\u00e1 todo mundo bem? Certifique-se de que voc\u00ea, seus passageiros e os ocupantes do(s) outro(s) carro(s) est\u00e3o bem.Se houver suspeita de qualquer tipo de les\u00e3o, ligue imediatamente para o 911. 2 &#8211; Registre tudo! Ap\u00f3s confirmar que todos&hellip;","_links":{"self":[{"href":"https:\/\/breezyseguros.com\/pt-br\/wp-json\/wp\/v2\/pages\/2994","targetHints":{"allow":["GET"]}}],"collection":[{"href":"https:\/\/breezyseguros.com\/pt-br\/wp-json\/wp\/v2\/pages"}],"about":[{"href":"https:\/\/breezyseguros.com\/pt-br\/wp-json\/wp\/v2\/types\/page"}],"author":[{"embeddable":true,"href":"https:\/\/breezyseguros.com\/pt-br\/wp-json\/wp\/v2\/users\/1"}],"replies":[{"embeddable":true,"href":"https:\/\/breezyseguros.com\/pt-br\/wp-json\/wp\/v2\/comments?post=2994"}],"version-history":[{"count":28,"href":"https:\/\/breezyseguros.com\/pt-br\/wp-json\/wp\/v2\/pages\/2994\/revisions"}],"predecessor-version":[{"id":6257,"href":"https:\/\/breezyseguros.com\/pt-br\/wp-json\/wp\/v2\/pages\/2994\/revisions\/6257"}],"wp:attachment":[{"href":"https:\/\/breezyseguros.com\/pt-br\/wp-json\/wp\/v2\/media?parent=2994"}],"curies":[{"name":"wp","href":"https:\/\/api.w.org\/{rel}","templated":true}]}}