{"id":4269,"date":"2022-03-16T22:33:40","date_gmt":"2022-03-17T02:33:40","guid":{"rendered":"https:\/\/breezyseguros.com\/pt-br\/?page_id=4269"},"modified":"2022-05-04T10:47:52","modified_gmt":"2022-05-04T14:47:52","slug":"certificates-now","status":"publish","type":"page","link":"https:\/\/breezyseguros.com\/pt-br\/certificates-now\/","title":{"rendered":"Certificates Now"},"content":{"rendered":"\n<h2 class=\"wp-block-heading\">Como solicitar o seu COI?<\/h2>\n\n\n\n<div style=\"height:49px\" aria-hidden=\"true\" class=\"wp-block-spacer\"><\/div>\n\n\n\n<div style=\"padding:56.25% 0 0 0;position:relative;\"><iframe src=\"https:\/\/player.vimeo.com\/video\/705827614?h=2ebba46def&amp;badge=0&amp;autopause=0&amp;player_id=0&amp;app_id=58479\" frameborder=\"0\" allow=\"autoplay; fullscreen; picture-in-picture\" allowfullscreen=\"\" style=\"position:absolute;top:0;left:0;width:100%;height:100%;\" title=\"Certificates Now - PT .mp4\"><\/iframe><\/div><script src=\"https:\/\/player.vimeo.com\/api\/player.js\"><\/script>\n\n\n\n<div style=\"height:49px\" aria-hidden=\"true\" class=\"wp-block-spacer\"><\/div>\n\n\n\n<hr class=\"wp-block-separator is-style-wide\"\/>\n\n\n\n<h3 class=\"wp-block-heading\">Passo a passo para emiss\u00e3o do certificado<\/h3>\n\n\n\n<p><\/p>\n\n\n\n<ul class=\"has-medium-font-size wp-block-list\"><li>1- Fa\u00e7a o seu login&nbsp;<\/li><\/ul>\n\n\n\n<p><img loading=\"lazy\" decoding=\"async\" width=\"1546\" height=\"548\" class=\"wp-image-4422\" style=\"width: 600px\" src=\"https:\/\/breezyseguros.com\/pt-br\/wp-content\/uploads\/sites\/5\/2022\/04\/Captura-de-Tela-2022-04-14-a\u0300s-17.14.43.png\" alt=\"\" srcset=\"https:\/\/breezyseguros.com\/pt-br\/wp-content\/uploads\/sites\/5\/2022\/04\/Captura-de-Tela-2022-04-14-a\u0300s-17.14.43.png 1546w, https:\/\/breezyseguros.com\/pt-br\/wp-content\/uploads\/sites\/5\/2022\/04\/Captura-de-Tela-2022-04-14-a\u0300s-17.14.43-300x106.png 300w, https:\/\/breezyseguros.com\/pt-br\/wp-content\/uploads\/sites\/5\/2022\/04\/Captura-de-Tela-2022-04-14-a\u0300s-17.14.43-1024x363.png 1024w, https:\/\/breezyseguros.com\/pt-br\/wp-content\/uploads\/sites\/5\/2022\/04\/Captura-de-Tela-2022-04-14-a\u0300s-17.14.43-768x272.png 768w, https:\/\/breezyseguros.com\/pt-br\/wp-content\/uploads\/sites\/5\/2022\/04\/Captura-de-Tela-2022-04-14-a\u0300s-17.14.43-1536x544.png 1536w\" sizes=\"auto, (max-width: 1546px) 100vw, 1546px\" \/><\/p>\n\n\n\n<p class=\"has-medium-font-size\">2 &#8211; Depois de logado, clique em <strong>Deliver Certificates<\/strong> para emitir o certificado<\/p>\n\n\n\n<p class=\"has-text-align-left\"><img loading=\"lazy\" decoding=\"async\" width=\"1546\" height=\"548\" class=\"wp-image-4423\" style=\"width: 500px\" src=\"https:\/\/breezyseguros.com\/pt-br\/wp-content\/uploads\/sites\/5\/2022\/04\/Captura-de-Tela-2022-04-14-a\u0300s-17.15.04.jpg\" alt=\"\" srcset=\"https:\/\/breezyseguros.com\/pt-br\/wp-content\/uploads\/sites\/5\/2022\/04\/Captura-de-Tela-2022-04-14-a\u0300s-17.15.04.jpg 1546w, https:\/\/breezyseguros.com\/pt-br\/wp-content\/uploads\/sites\/5\/2022\/04\/Captura-de-Tela-2022-04-14-a\u0300s-17.15.04-300x106.jpg 300w, https:\/\/breezyseguros.com\/pt-br\/wp-content\/uploads\/sites\/5\/2022\/04\/Captura-de-Tela-2022-04-14-a\u0300s-17.15.04-1024x363.jpg 1024w, https:\/\/breezyseguros.com\/pt-br\/wp-content\/uploads\/sites\/5\/2022\/04\/Captura-de-Tela-2022-04-14-a\u0300s-17.15.04-768x272.jpg 768w, https:\/\/breezyseguros.com\/pt-br\/wp-content\/uploads\/sites\/5\/2022\/04\/Captura-de-Tela-2022-04-14-a\u0300s-17.15.04-1536x544.jpg 1536w\" sizes=\"auto, (max-width: 1546px) 100vw, 1546px\" \/><\/p>\n\n\n\n<ul class=\"has-medium-font-size wp-block-list\"><li>3 &#8211; Selecione a sua conta e clique em <strong>continuar<\/strong><\/li><\/ul>\n\n\n\n<p><img loading=\"lazy\" decoding=\"async\" width=\"1338\" height=\"400\" class=\"wp-image-4532\" style=\"width: 600px\" src=\"https:\/\/breezyseguros.com\/pt-br\/wp-content\/uploads\/sites\/5\/2022\/05\/Captura-de-Tela-2022-05-04-a\u0300s-10.32.11.png\" alt=\"\" srcset=\"https:\/\/breezyseguros.com\/pt-br\/wp-content\/uploads\/sites\/5\/2022\/05\/Captura-de-Tela-2022-05-04-a\u0300s-10.32.11.png 1338w, https:\/\/breezyseguros.com\/pt-br\/wp-content\/uploads\/sites\/5\/2022\/05\/Captura-de-Tela-2022-05-04-a\u0300s-10.32.11-300x90.png 300w, https:\/\/breezyseguros.com\/pt-br\/wp-content\/uploads\/sites\/5\/2022\/05\/Captura-de-Tela-2022-05-04-a\u0300s-10.32.11-1024x306.png 1024w, https:\/\/breezyseguros.com\/pt-br\/wp-content\/uploads\/sites\/5\/2022\/05\/Captura-de-Tela-2022-05-04-a\u0300s-10.32.11-768x230.png 768w\" sizes=\"auto, (max-width: 1338px) 100vw, 1338px\" \/><\/p>\n\n\n\n<ul class=\"has-medium-font-size wp-block-list\"><li>4 &#8211; Vai aparecer uma lista de certificados j\u00e1 solicitados<\/li><\/ul>\n\n\n\n<p><img loading=\"lazy\" decoding=\"async\" width=\"2270\" height=\"548\" class=\"wp-image-4424\" style=\"width: 550px\" src=\"https:\/\/breezyseguros.com\/pt-br\/wp-content\/uploads\/sites\/5\/2022\/04\/Captura-de-Tela-2022-04-14-a\u0300s-17.18.16.jpg\" alt=\"\" srcset=\"https:\/\/breezyseguros.com\/pt-br\/wp-content\/uploads\/sites\/5\/2022\/04\/Captura-de-Tela-2022-04-14-a\u0300s-17.18.16.jpg 2270w, https:\/\/breezyseguros.com\/pt-br\/wp-content\/uploads\/sites\/5\/2022\/04\/Captura-de-Tela-2022-04-14-a\u0300s-17.18.16-300x72.jpg 300w, https:\/\/breezyseguros.com\/pt-br\/wp-content\/uploads\/sites\/5\/2022\/04\/Captura-de-Tela-2022-04-14-a\u0300s-17.18.16-1024x247.jpg 1024w, https:\/\/breezyseguros.com\/pt-br\/wp-content\/uploads\/sites\/5\/2022\/04\/Captura-de-Tela-2022-04-14-a\u0300s-17.18.16-768x185.jpg 768w, https:\/\/breezyseguros.com\/pt-br\/wp-content\/uploads\/sites\/5\/2022\/04\/Captura-de-Tela-2022-04-14-a\u0300s-17.18.16-1536x371.jpg 1536w, https:\/\/breezyseguros.com\/pt-br\/wp-content\/uploads\/sites\/5\/2022\/04\/Captura-de-Tela-2022-04-14-a\u0300s-17.18.16-2048x494.jpg 2048w\" sizes=\"auto, (max-width: 2270px) 100vw, 2270px\" \/><\/p>\n\n\n\n<ul class=\"has-medium-font-size wp-block-list\"><li>5- Para gerar um novo certificado clique em <strong>New Recipients<\/strong><\/li><\/ul>\n\n\n\n<p><img loading=\"lazy\" decoding=\"async\" width=\"1790\" height=\"644\" class=\"wp-image-4533\" style=\"width: 600px\" src=\"https:\/\/breezyseguros.com\/pt-br\/wp-content\/uploads\/sites\/5\/2022\/05\/Captura-de-Tela-2022-05-04-a\u0300s-10.33.33.jpg\" alt=\"\" srcset=\"https:\/\/breezyseguros.com\/pt-br\/wp-content\/uploads\/sites\/5\/2022\/05\/Captura-de-Tela-2022-05-04-a\u0300s-10.33.33.jpg 1790w, https:\/\/breezyseguros.com\/pt-br\/wp-content\/uploads\/sites\/5\/2022\/05\/Captura-de-Tela-2022-05-04-a\u0300s-10.33.33-300x108.jpg 300w, https:\/\/breezyseguros.com\/pt-br\/wp-content\/uploads\/sites\/5\/2022\/05\/Captura-de-Tela-2022-05-04-a\u0300s-10.33.33-1024x368.jpg 1024w, https:\/\/breezyseguros.com\/pt-br\/wp-content\/uploads\/sites\/5\/2022\/05\/Captura-de-Tela-2022-05-04-a\u0300s-10.33.33-768x276.jpg 768w, https:\/\/breezyseguros.com\/pt-br\/wp-content\/uploads\/sites\/5\/2022\/05\/Captura-de-Tela-2022-05-04-a\u0300s-10.33.33-1536x553.jpg 1536w\" sizes=\"auto, (max-width: 1790px) 100vw, 1790px\" \/><\/p>\n\n\n\n<ul class=\"has-medium-font-size wp-block-list\"><li>6- Preencha o formul\u00e1rio com seu e-mail e endere\u00e7o e clique em <strong>save<\/strong><\/li><\/ul>\n\n\n\n<p><img loading=\"lazy\" decoding=\"async\" width=\"1112\" height=\"548\" class=\"wp-image-4427\" style=\"width: 550px\" src=\"https:\/\/breezyseguros.com\/pt-br\/wp-content\/uploads\/sites\/5\/2022\/04\/Captura-de-Tela-2022-04-14-a\u0300s-17.19.16.png\" alt=\"\" srcset=\"https:\/\/breezyseguros.com\/pt-br\/wp-content\/uploads\/sites\/5\/2022\/04\/Captura-de-Tela-2022-04-14-a\u0300s-17.19.16.png 1112w, https:\/\/breezyseguros.com\/pt-br\/wp-content\/uploads\/sites\/5\/2022\/04\/Captura-de-Tela-2022-04-14-a\u0300s-17.19.16-300x148.png 300w, https:\/\/breezyseguros.com\/pt-br\/wp-content\/uploads\/sites\/5\/2022\/04\/Captura-de-Tela-2022-04-14-a\u0300s-17.19.16-1024x505.png 1024w, https:\/\/breezyseguros.com\/pt-br\/wp-content\/uploads\/sites\/5\/2022\/04\/Captura-de-Tela-2022-04-14-a\u0300s-17.19.16-768x378.png 768w\" sizes=\"auto, (max-width: 1112px) 100vw, 1112px\" \/><\/p>\n\n\n\n<ul class=\"has-medium-font-size wp-block-list\"><li>7 &#8211; Neste est\u00e1gio voc\u00ea pode acrescentar outro endere\u00e7o de e-mail para receber o certificado e pode editar o e-mail cadastrado<\/li><\/ul>\n\n\n\n<p><img loading=\"lazy\" decoding=\"async\" width=\"1582\" height=\"548\" class=\"wp-image-4428\" style=\"width: 550px\" src=\"https:\/\/breezyseguros.com\/pt-br\/wp-content\/uploads\/sites\/5\/2022\/04\/Captura-de-Tela-2022-04-14-a\u0300s-17.19.51.jpg\" alt=\"\" srcset=\"https:\/\/breezyseguros.com\/pt-br\/wp-content\/uploads\/sites\/5\/2022\/04\/Captura-de-Tela-2022-04-14-a\u0300s-17.19.51.jpg 1582w, https:\/\/breezyseguros.com\/pt-br\/wp-content\/uploads\/sites\/5\/2022\/04\/Captura-de-Tela-2022-04-14-a\u0300s-17.19.51-300x104.jpg 300w, https:\/\/breezyseguros.com\/pt-br\/wp-content\/uploads\/sites\/5\/2022\/04\/Captura-de-Tela-2022-04-14-a\u0300s-17.19.51-1024x355.jpg 1024w, https:\/\/breezyseguros.com\/pt-br\/wp-content\/uploads\/sites\/5\/2022\/04\/Captura-de-Tela-2022-04-14-a\u0300s-17.19.51-768x266.jpg 768w, https:\/\/breezyseguros.com\/pt-br\/wp-content\/uploads\/sites\/5\/2022\/04\/Captura-de-Tela-2022-04-14-a\u0300s-17.19.51-1536x532.jpg 1536w\" sizes=\"auto, (max-width: 1582px) 100vw, 1582px\" \/><\/p>\n\n\n\n<ul class=\"has-medium-font-size wp-block-list\"><li>8 &#8211; Concluindo a etapa, clique em <strong>continuar<\/strong><\/li><li>9 &#8211; Ir\u00e1 gerar certificado com os campos ainda edit\u00e1veis<\/li><li>10- Confira os dados e clique em <strong>continuar<\/strong><\/li><li>11 &#8211; Mantenha o campo email marcado e clique em <strong>continuar<\/strong><\/li><\/ul>\n\n\n\n<p><img loading=\"lazy\" decoding=\"async\" width=\"1946\" height=\"906\" class=\"wp-image-4429\" style=\"width: 550px\" src=\"https:\/\/breezyseguros.com\/pt-br\/wp-content\/uploads\/sites\/5\/2022\/04\/Captura-de-Tela-2022-04-14-a\u0300s-17.21.05.jpg\" alt=\"\" srcset=\"https:\/\/breezyseguros.com\/pt-br\/wp-content\/uploads\/sites\/5\/2022\/04\/Captura-de-Tela-2022-04-14-a\u0300s-17.21.05.jpg 1946w, https:\/\/breezyseguros.com\/pt-br\/wp-content\/uploads\/sites\/5\/2022\/04\/Captura-de-Tela-2022-04-14-a\u0300s-17.21.05-300x140.jpg 300w, https:\/\/breezyseguros.com\/pt-br\/wp-content\/uploads\/sites\/5\/2022\/04\/Captura-de-Tela-2022-04-14-a\u0300s-17.21.05-1024x477.jpg 1024w, https:\/\/breezyseguros.com\/pt-br\/wp-content\/uploads\/sites\/5\/2022\/04\/Captura-de-Tela-2022-04-14-a\u0300s-17.21.05-768x358.jpg 768w, https:\/\/breezyseguros.com\/pt-br\/wp-content\/uploads\/sites\/5\/2022\/04\/Captura-de-Tela-2022-04-14-a\u0300s-17.21.05-1536x715.jpg 1536w\" sizes=\"auto, (max-width: 1946px) 100vw, 1946px\" \/><\/p>\n\n\n\n<ul class=\"has-medium-font-size wp-block-list\"><li>12 &#8211; Em seguida, clique em <strong>delivery now<\/strong><\/li><\/ul>\n\n\n\n<p><img loading=\"lazy\" decoding=\"async\" width=\"1934\" height=\"944\" class=\"wp-image-4430\" style=\"width: 600px\" src=\"https:\/\/breezyseguros.com\/pt-br\/wp-content\/uploads\/sites\/5\/2022\/04\/Captura-de-Tela-2022-04-14-a\u0300s-17.21.23.jpg\" alt=\"\" srcset=\"https:\/\/breezyseguros.com\/pt-br\/wp-content\/uploads\/sites\/5\/2022\/04\/Captura-de-Tela-2022-04-14-a\u0300s-17.21.23.jpg 1934w, https:\/\/breezyseguros.com\/pt-br\/wp-content\/uploads\/sites\/5\/2022\/04\/Captura-de-Tela-2022-04-14-a\u0300s-17.21.23-300x146.jpg 300w, https:\/\/breezyseguros.com\/pt-br\/wp-content\/uploads\/sites\/5\/2022\/04\/Captura-de-Tela-2022-04-14-a\u0300s-17.21.23-1024x500.jpg 1024w, https:\/\/breezyseguros.com\/pt-br\/wp-content\/uploads\/sites\/5\/2022\/04\/Captura-de-Tela-2022-04-14-a\u0300s-17.21.23-768x375.jpg 768w, https:\/\/breezyseguros.com\/pt-br\/wp-content\/uploads\/sites\/5\/2022\/04\/Captura-de-Tela-2022-04-14-a\u0300s-17.21.23-1536x750.jpg 1536w\" sizes=\"auto, (max-width: 1934px) 100vw, 1934px\" \/><\/p>\n\n\n\n<ul class=\"has-medium-font-size wp-block-list\"><li>13 &#8211; Voc\u00ea e a contratante receber\u00e3o uma c\u00f3pia automaticamente por email.&nbsp;<\/li><\/ul>\n\n\n\n<h3 class=\"wp-block-heading\">Dicas importantes<\/h3>\n\n\n\n<ul class=\"wp-block-list\"><li>Caso voc\u00ea n\u00e3o queira receber por email, siga os mesmo passos acima, mas encaminhe para o email da seguradora ap\u00f3s o delivery final.<\/li><li>Se precisar voltar algum passo no pedido, n\u00e3o utilize a seta de voltar do navegador, mas sim a linha do tempo no cabe\u00e7alho do pedido.&nbsp;<\/li><\/ul>\n","protected":false},"excerpt":{"rendered":"<p>Como solicitar o seu COI? Passo a passo para emiss\u00e3o do certificado 1- Fa\u00e7a o seu login&nbsp; 2 &#8211; Depois de logado, clique em Deliver Certificates para emitir o certificado 3 &#8211; Selecione a sua conta e clique em continuar 4 &#8211; Vai aparecer uma lista de certificados j\u00e1 solicitados 5- Para gerar um novo [&hellip;]<\/p>\n","protected":false},"author":1,"featured_media":0,"parent":0,"menu_order":0,"comment_status":"closed","ping_status":"closed","template":"template-page-coi.php","meta":{"_acf_changed":false,"inline_featured_image":false,"_uag_custom_page_level_css":"","footnotes":""},"class_list":["post-4269","page","type-page","status-publish","hentry"],"acf":[],"uagb_featured_image_src":{"full":false,"thumbnail":false,"medium":false,"medium_large":false,"large":false,"1536x1536":false,"2048x2048":false,"alm-thumbnail":false,"gform-image-choice-sm":false,"gform-image-choice-md":false,"gform-image-choice-lg":false},"uagb_author_info":{"display_name":"cimar007","author_link":"https:\/\/breezyseguros.com\/pt-br\/author\/cimar007\/"},"uagb_comment_info":0,"uagb_excerpt":"Como solicitar o seu COI? Passo a passo para emiss\u00e3o do certificado 1- Fa\u00e7a o seu login&nbsp; 2 &#8211; Depois de logado, clique em Deliver Certificates para emitir o certificado 3 &#8211; Selecione a sua conta e clique em continuar 4 &#8211; Vai aparecer uma lista de certificados j\u00e1 solicitados 5- Para gerar um novo&hellip;","_links":{"self":[{"href":"https:\/\/breezyseguros.com\/pt-br\/wp-json\/wp\/v2\/pages\/4269","targetHints":{"allow":["GET"]}}],"collection":[{"href":"https:\/\/breezyseguros.com\/pt-br\/wp-json\/wp\/v2\/pages"}],"about":[{"href":"https:\/\/breezyseguros.com\/pt-br\/wp-json\/wp\/v2\/types\/page"}],"author":[{"embeddable":true,"href":"https:\/\/breezyseguros.com\/pt-br\/wp-json\/wp\/v2\/users\/1"}],"replies":[{"embeddable":true,"href":"https:\/\/breezyseguros.com\/pt-br\/wp-json\/wp\/v2\/comments?post=4269"}],"version-history":[{"count":21,"href":"https:\/\/breezyseguros.com\/pt-br\/wp-json\/wp\/v2\/pages\/4269\/revisions"}],"predecessor-version":[{"id":4535,"href":"https:\/\/breezyseguros.com\/pt-br\/wp-json\/wp\/v2\/pages\/4269\/revisions\/4535"}],"wp:attachment":[{"href":"https:\/\/breezyseguros.com\/pt-br\/wp-json\/wp\/v2\/media?parent=4269"}],"curies":[{"name":"wp","href":"https:\/\/api.w.org\/{rel}","templated":true}]}}