{"id":595,"date":"2018-05-02T20:07:40","date_gmt":"2018-05-03T00:07:40","guid":{"rendered":"https:\/\/breezyseguros.com\/pt-br\/?page_id=595"},"modified":"2021-09-27T16:44:33","modified_gmt":"2021-09-27T20:44:33","slug":"politica-de-privacidade","status":"publish","type":"page","link":"https:\/\/breezyseguros.com\/pt-br\/politica-de-privacidade\/","title":{"rendered":"Politica de Privacidade"},"content":{"rendered":"\n<p>Pol\u00edtica de Privacidade<\/p>\n\n\n\n<p>A Breezy Seguros LLC criou o aplicativo Breezy Seguros LLC como um aplicativo Ad Supported. Este SERVI\u00c7O \u00e9 fornecido pela Breezy Seguros LLC sem nenhum custo e \u00e9 destinado ser usado dessa forma.<\/p>\n\n\n\n<p>Esta p\u00e1gina \u00e9 usada para informar os visitantes do site sobre nossas pol\u00edticas de coleta, uso e divulga\u00e7\u00e3o de Informa\u00e7\u00f5es Pessoais, caso algu\u00e9m decida usar nosso Servi\u00e7o.<\/p>\n\n\n\n<p>Se voc\u00ea optar por usar nosso Servi\u00e7o, voc\u00ea concorda com a coleta e uso de informa\u00e7\u00f5es em rela\u00e7\u00e3o a esta pol\u00edtica. As informa\u00e7\u00f5es pessoais que coletamos s\u00e3o usadas para fornecer e melhorar o servi\u00e7o. N\u00e3o usaremos ou compartilharemos suas informa\u00e7\u00f5es com ningu\u00e9m, exceto como foi descrito nesta Pol\u00edtica de Privacidade.<\/p>\n\n\n\n<p>Os termos usados nesta Pol\u00edtica de Privacidade t\u00eam os mesmos significados que em nossos Termos e Condi\u00e7\u00f5es, que podem ser acessados na Breezy Seguros LLC, a menos que definido de outra forma nesta Pol\u00edtica de Privacidade.<\/p>\n\n\n\n<p>Coleta e uso de informa\u00e7\u00f5es<\/p>\n\n\n\n<p>Para uma melhor experi\u00eancia, ao usar nosso servi\u00e7o, podemos exigir que voc\u00ea nos forne\u00e7a certas informa\u00e7\u00f5es de identifica\u00e7\u00e3o pessoal, incluindo, mas n\u00e3o se limitando a e-mail, IP, acesso a c\u00e2mera. As informa\u00e7\u00f5es que solicitamos ser\u00e3o retidas por n\u00f3s e usadas como descrito nesta pol\u00edtica de privacidade.<\/p>\n\n\n\n<p>O aplicativo usa servi\u00e7os de terceiros que podem coletar informa\u00e7\u00f5es usadas para identific\u00e1-lo.<\/p>\n\n\n\n<p>Link para a pol\u00edtica de privacidade de provedores de servi\u00e7os terceirizados usados pelo aplicativo<\/p>\n\n\n\n<p>Google Play Services<\/p>\n\n\n\n<p>AdMob<\/p>\n\n\n\n<p>Log Data<\/p>\n\n\n\n<p>Queremos informar que sempre que voc\u00ea utiliza nosso Servi\u00e7o, em caso de erro no aplicativo, coletamos dados e informa\u00e7\u00f5es (por meio de produtos de terceiros) em seu telefone denominado Log Data. Estes Log Datas podem incluir informa\u00e7\u00f5es como endere\u00e7o de protocolo de Internet (&#8220;IP&#8221;) do dispositivo, nome do dispositivo, vers\u00e3o do sistema operacional, configura\u00e7\u00e3o do aplicativo ao utilizar nosso servi\u00e7o, hora e data de uso do Servi\u00e7o e outras estat\u00edsticas .<\/p>\n\n\n\n<p>Cookies<\/p>\n\n\n\n<p>Cookies s\u00e3o arquivos com uma pequena quantidade de dados que normalmente s\u00e3o usados como um identificador \u00fanico e an\u00f4nimo. Eles s\u00e3o enviados para o seu navegador a partir do site que voc\u00ea visita e s\u00e3o armazenados na mem\u00f3ria interna do seu dispositivo.<\/p>\n\n\n\n<p>Este Servi\u00e7o n\u00e3o usa esses \u201ccookies\u201d explicitamente. No entanto, o aplicativo pode usar c\u00f3digo de terceiros e bibliotecas que usam \u201ccookies\u201d para coletar informa\u00e7\u00f5es e melhorar seus servi\u00e7os. Voc\u00ea tem a op\u00e7\u00e3o de aceitar ou recusar esses cookies e saber quando um cookie est\u00e1 sendo enviado para o seu dispositivo. Se voc\u00ea optar por recusar nossos cookies, pode n\u00e3o ser capaz de usar algumas fun\u00e7\u00f5es deste Servi\u00e7o.<\/p>\n\n\n\n<p>Provedores de servi\u00e7o<\/p>\n\n\n\n<p>Podemos empregar empresas terceirizadas e indiv\u00edduos pelos seguintes motivos:<\/p>\n\n\n\n<p>Para facilitar nosso servi\u00e7o;<\/p>\n\n\n\n<p>Para fornecer o Servi\u00e7o em nosso nome;<\/p>\n\n\n\n<p>Para executar servi\u00e7os relacionados com o Servi\u00e7o; ou<\/p>\n\n\n\n<p>Para nos ajudar a analisar como nosso Servi\u00e7o \u00e9 usado.<\/p>\n\n\n\n<p>Queremos informar aos usu\u00e1rios deste Servi\u00e7o que esses terceiros t\u00eam acesso \u00e0s suas<\/p>\n\n\n\n<p>Informa\u00e7\u00f5es pessoais. O motivo \u00e9 realizar as tarefas atribu\u00eddas a eles em nosso nome. No entanto, eles s\u00e3o obrigados a n\u00e3o divulgar ou usar as informa\u00e7\u00f5es para qualquer outra finalidade.<\/p>\n\n\n\n<p>Seguran\u00e7a<\/p>\n\n\n\n<p>Valorizamos sua confian\u00e7a em nos fornecer suas informa\u00e7\u00f5es pessoais, portanto, estamos nos esfor\u00e7ando para usar meios comercialmente aceit\u00e1veis de proteg\u00ea-las. Mas lembre-se que nenhum m\u00e9todo de transmiss\u00e3o pela internet, ou m\u00e9todo de armazenamento eletr\u00f4nico \u00e9 100% seguro e confi\u00e1vel, e n\u00e3o podemos garantir sua seguran\u00e7a absoluta.<\/p>\n\n\n\n<p>Links para outros sites<\/p>\n\n\n\n<p>Este Servi\u00e7o pode conter links para outros sites. Se voc\u00ea clicar em um link de terceiros, voc\u00ea ser\u00e1 direcionado para esse site. Observe que esses sites externos n\u00e3o s\u00e3o operados por n\u00f3s. Portanto, recomendamos enfaticamente que voc\u00ea analise a Pol\u00edtica de Privacidade desses sites. N\u00e3o temos controle sobre e n\u00e3o assumimos nenhuma responsabilidade pelo conte\u00fado, pol\u00edticas de privacidade ou pr\u00e1ticas de quaisquer sites ou servi\u00e7os de terceiros.<\/p>\n\n\n\n<p>Privacidade das crian\u00e7as<\/p>\n\n\n\n<p>Estes Servi\u00e7os n\u00e3o se dirigem a ningu\u00e9m com idade inferior a 13 anos. N\u00e3o recolhemos intencionalmente informa\u00e7\u00f5es de identifica\u00e7\u00e3o pessoal de crian\u00e7as com menos de 13 anos. No caso de descobrirmos que uma crian\u00e7a com menos de 13 anos nos forneceu informa\u00e7\u00f5es pessoais, as eliminamos imediatamente de nossos servidores. Se voc\u00ea \u00e9 um pai ou respons\u00e1vel e est\u00e1 ciente de que seu filho nos forneceu informa\u00e7\u00f5es pessoais, entre em contato para que possamos tomar as medidas necess\u00e1rias.<\/p>\n\n\n\n<p>Mudan\u00e7as nesta Pol\u00edtica de Privacidade<\/p>\n\n\n\n<p>Podemos atualizar nossa Pol\u00edtica de Privacidade de tempos em tempos. Portanto, \u00e9 recomend\u00e1vel revisar esta p\u00e1gina periodicamente para verificar quaisquer altera\u00e7\u00f5es. Iremos notific\u00e1-lo de quaisquer altera\u00e7\u00f5es, publicando a nova Pol\u00edtica de Privacidade nesta p\u00e1gina. Essas altera\u00e7\u00f5es entram em vigor imediatamente ap\u00f3s serem publicadas nesta p\u00e1gina.<\/p>\n\n\n\n<p>Entre em contato conosco<\/p>\n\n\n\n<p>Se voc\u00ea tiver alguma d\u00favida ou sugest\u00e3o sobre nossa Pol\u00edtica de Privacidade, n\u00e3o hesite em nos contatar.<\/p>\n","protected":false},"excerpt":{"rendered":"<p>Pol\u00edtica de Privacidade A Breezy Seguros LLC criou o aplicativo Breezy Seguros LLC como um aplicativo Ad Supported. Este SERVI\u00c7O \u00e9 fornecido pela Breezy Seguros LLC sem nenhum custo e \u00e9 destinado ser usado dessa forma. Esta p\u00e1gina \u00e9 usada para informar os visitantes do site sobre nossas pol\u00edticas de coleta, uso e divulga\u00e7\u00e3o de [&hellip;]<\/p>\n","protected":false},"author":1,"featured_media":0,"parent":0,"menu_order":0,"comment_status":"closed","ping_status":"closed","template":"","meta":{"_acf_changed":false,"inline_featured_image":false,"_uag_custom_page_level_css":"","footnotes":""},"class_list":["post-595","page","type-page","status-publish","hentry"],"acf":[],"uagb_featured_image_src":{"full":false,"thumbnail":false,"medium":false,"medium_large":false,"large":false,"1536x1536":false,"2048x2048":false,"alm-thumbnail":false,"gform-image-choice-sm":false,"gform-image-choice-md":false,"gform-image-choice-lg":false},"uagb_author_info":{"display_name":"cimar007","author_link":"https:\/\/breezyseguros.com\/pt-br\/author\/cimar007\/"},"uagb_comment_info":0,"uagb_excerpt":"Pol\u00edtica de Privacidade A Breezy Seguros LLC criou o aplicativo Breezy Seguros LLC como um aplicativo Ad Supported. Este SERVI\u00c7O \u00e9 fornecido pela Breezy Seguros LLC sem nenhum custo e \u00e9 destinado ser usado dessa forma. Esta p\u00e1gina \u00e9 usada para informar os visitantes do site sobre nossas pol\u00edticas de coleta, uso e divulga\u00e7\u00e3o de&hellip;","_links":{"self":[{"href":"https:\/\/breezyseguros.com\/pt-br\/wp-json\/wp\/v2\/pages\/595","targetHints":{"allow":["GET"]}}],"collection":[{"href":"https:\/\/breezyseguros.com\/pt-br\/wp-json\/wp\/v2\/pages"}],"about":[{"href":"https:\/\/breezyseguros.com\/pt-br\/wp-json\/wp\/v2\/types\/page"}],"author":[{"embeddable":true,"href":"https:\/\/breezyseguros.com\/pt-br\/wp-json\/wp\/v2\/users\/1"}],"replies":[{"embeddable":true,"href":"https:\/\/breezyseguros.com\/pt-br\/wp-json\/wp\/v2\/comments?post=595"}],"version-history":[{"count":10,"href":"https:\/\/breezyseguros.com\/pt-br\/wp-json\/wp\/v2\/pages\/595\/revisions"}],"predecessor-version":[{"id":3218,"href":"https:\/\/breezyseguros.com\/pt-br\/wp-json\/wp\/v2\/pages\/595\/revisions\/3218"}],"wp:attachment":[{"href":"https:\/\/breezyseguros.com\/pt-br\/wp-json\/wp\/v2\/media?parent=595"}],"curies":[{"name":"wp","href":"https:\/\/api.w.org\/{rel}","templated":true}]}}