{"id":602,"date":"2018-05-07T14:39:13","date_gmt":"2018-05-07T18:39:13","guid":{"rendered":"https:\/\/breezyseguros.com\/pt-br\/?page_id=602"},"modified":"2021-09-25T13:09:39","modified_gmt":"2021-09-25T17:09:39","slug":"pedido-de-certificado-de-seguro","status":"publish","type":"page","link":"https:\/\/breezyseguros.com\/pt-br\/pedido-de-certificado-de-seguro\/","title":{"rendered":"Pedido de Certificado de Seguro"},"content":{"rendered":"\n<p>Por quest\u00f5es de seguran\u00e7a, n\u00f3s mudamos o jeito que aceitamos COIs.<\/p>\n\n\n\n<p>Por favor fa\u00e7a o requiremento do COI usando umas das op\u00e7\u00f5es abaixo:<\/p>\n\n\n\n<p>1) Envie um email para <a href=\"mailto:coi@breezyseguros.com\">coi@breezyseguros.com<\/a> usando o email que temos cadastrado para sua empresa. No email digite o nome da sua empresa, o nome\/endere\u00e7o\/email para quem est\u00e1 enviando o COI.<\/p>\n\n\n\n<p>Caso tenha alguma pergunta, por favor nos ligue no<a href=\"tel:15086036777\"> 508-603-6777<\/a>.<\/p>\n\n\n\n<div class=\"wp-block-uagb-icon-list uagb-icon-list__outer-wrap uagb-icon-list__layout-vertical uagb-block-b117b7c4\"><div class=\"uagb-icon-list__wrap\"><\/div><\/div>\n","protected":false},"excerpt":{"rendered":"<p>Por quest\u00f5es de seguran\u00e7a, n\u00f3s mudamos o jeito que aceitamos COIs. Por favor fa\u00e7a o requiremento do COI usando umas das op\u00e7\u00f5es abaixo: 1) Envie um email para coi@breezyseguros.com usando o email que temos cadastrado para sua empresa. No email digite o nome da sua empresa, o nome\/endere\u00e7o\/email para quem est\u00e1 enviando o COI. Caso [&hellip;]<\/p>\n","protected":false},"author":1,"featured_media":0,"parent":0,"menu_order":0,"comment_status":"closed","ping_status":"closed","template":"","meta":{"_acf_changed":false,"inline_featured_image":false,"_uag_custom_page_level_css":"","footnotes":""},"class_list":["post-602","page","type-page","status-publish","hentry"],"acf":[],"uagb_featured_image_src":{"full":false,"thumbnail":false,"medium":false,"medium_large":false,"large":false,"1536x1536":false,"2048x2048":false,"alm-thumbnail":false,"gform-image-choice-sm":false,"gform-image-choice-md":false,"gform-image-choice-lg":false},"uagb_author_info":{"display_name":"cimar007","author_link":"https:\/\/breezyseguros.com\/pt-br\/author\/cimar007\/"},"uagb_comment_info":0,"uagb_excerpt":"Por quest\u00f5es de seguran\u00e7a, n\u00f3s mudamos o jeito que aceitamos COIs. Por favor fa\u00e7a o requiremento do COI usando umas das op\u00e7\u00f5es abaixo: 1) Envie um email para coi@breezyseguros.com usando o email que temos cadastrado para sua empresa. No email digite o nome da sua empresa, o nome\/endere\u00e7o\/email para quem est\u00e1 enviando o COI. Caso&hellip;","_links":{"self":[{"href":"https:\/\/breezyseguros.com\/pt-br\/wp-json\/wp\/v2\/pages\/602","targetHints":{"allow":["GET"]}}],"collection":[{"href":"https:\/\/breezyseguros.com\/pt-br\/wp-json\/wp\/v2\/pages"}],"about":[{"href":"https:\/\/breezyseguros.com\/pt-br\/wp-json\/wp\/v2\/types\/page"}],"author":[{"embeddable":true,"href":"https:\/\/breezyseguros.com\/pt-br\/wp-json\/wp\/v2\/users\/1"}],"replies":[{"embeddable":true,"href":"https:\/\/breezyseguros.com\/pt-br\/wp-json\/wp\/v2\/comments?post=602"}],"version-history":[{"count":17,"href":"https:\/\/breezyseguros.com\/pt-br\/wp-json\/wp\/v2\/pages\/602\/revisions"}],"predecessor-version":[{"id":3200,"href":"https:\/\/breezyseguros.com\/pt-br\/wp-json\/wp\/v2\/pages\/602\/revisions\/3200"}],"wp:attachment":[{"href":"https:\/\/breezyseguros.com\/pt-br\/wp-json\/wp\/v2\/media?parent=602"}],"curies":[{"name":"wp","href":"https:\/\/api.w.org\/{rel}","templated":true}]}}